{"id":96,"date":"2023-09-22T15:22:17","date_gmt":"2023-09-22T13:22:17","guid":{"rendered":"http:\/\/patron.com.pl\/?page_id=96"},"modified":"2023-12-07T09:49:36","modified_gmt":"2023-12-07T08:49:36","slug":"klient-indywidualny","status":"publish","type":"page","link":"http:\/\/patron.com.pl\/?page_id=96","title":{"rendered":"Klient Indywidualny"},"content":{"rendered":"\t\t<div data-elementor-type=\"wp-page\" data-elementor-id=\"96\" class=\"elementor elementor-96\">\n\t\t\t\t<div class=\"elementor-element elementor-element-5b41aa2 e-flex e-con-boxed e-con e-parent\" data-id=\"5b41aa2\" data-element_type=\"container\" data-e-type=\"container\">\n\t\t\t\t\t<div class=\"e-con-inner\">\n\t\t\t\t<div class=\"elementor-element elementor-element-72527de elementor-widget elementor-widget-text-editor\" data-id=\"72527de\" data-element_type=\"widget\" data-e-type=\"widget\" data-widget_type=\"text-editor.default\">\n\t\t\t\t<div class=\"elementor-widget-container\">\n\t\t\t\t\t\t\t\t\t<p>Nasza oferta obejmuje to przede wszystkim dob\u00f3r kompletnych, w pe\u0142ni funkcjonalnych i dopasowanych do potrzeb i oczekiwa\u0144 klient\u00f3w system\u00f3w, w tym:\u00a0<\/p>\n<ul>\n<li>system\u00f3w stereofonicznych i kina domowego<\/li>\n<li>system\u00f3w multiroom (nag\u0142o\u015bnienia wielostrefowego)<\/li>\n<li>system\u00f3w multiswitchowych instalacji TV\/SAT<\/li>\n<li>system\u00f3w monitoringu (w tym IP, HD)<\/li>\n<\/ul>\n<p>\u00a0<\/p>\t\t\t\t\t\t\t\t<\/div>\n\t\t\t\t<\/div>\n\t\t\t\t\t<\/div>\n\t\t\t\t<\/div>\n\t\t<div class=\"elementor-element elementor-element-a2e4352 e-flex e-con-boxed e-con e-parent\" data-id=\"a2e4352\" data-element_type=\"container\" data-e-type=\"container\">\n\t\t\t\t\t<div class=\"e-con-inner\">\n\t\t\t\t<div class=\"elementor-element elementor-element-2ccb714 gallery-spacing-custom elementor-widget elementor-widget-image-gallery\" data-id=\"2ccb714\" data-element_type=\"widget\" data-e-type=\"widget\" data-widget_type=\"image-gallery.default\">\n\t\t\t\t<div class=\"elementor-widget-container\">\n\t\t\t\t\t\t\t<div class=\"elementor-image-gallery\">\n\t\t\t<div id='gallery-1' class='gallery galleryid-96 gallery-columns-3 gallery-size-large'><figure class='gallery-item'>\n\t\t\t<div class='gallery-icon landscape'>\n\t\t\t\t<a data-elementor-open-lightbox=\"yes\" data-elementor-lightbox-slideshow=\"2ccb714\" data-e-action-hash=\"#elementor-action%3Aaction%3Dlightbox%26settings%3DeyJpZCI6MzEsInVybCI6Imh0dHBzOlwvXC9wYXRyb24uY29tLnBsXC93cC1jb250ZW50XC91cGxvYWRzXC8yMDIzXC8wOVwvS2lub0RvbW93ZV9QQVRST05fMnp3LmpwZyIsInNsaWRlc2hvdyI6IjJjY2I3MTQifQ%3D%3D\" href='https:\/\/patron.com.pl\/wp-content\/uploads\/2023\/09\/KinoDomowe_PATRON_2zw.jpg'><img fetchpriority=\"high\" decoding=\"async\" width=\"1024\" height=\"682\" src=\"https:\/\/patron.com.pl\/wp-content\/uploads\/2023\/09\/KinoDomowe_PATRON_2zw-1024x682.jpg\" class=\"attachment-large size-large\" alt=\"\" aria-describedby=\"gallery-1-31\" srcset=\"https:\/\/patron.com.pl\/wp-content\/uploads\/2023\/09\/KinoDomowe_PATRON_2zw-1024x682.jpg 1024w, https:\/\/patron.com.pl\/wp-content\/uploads\/2023\/09\/KinoDomowe_PATRON_2zw-300x200.jpg 300w, https:\/\/patron.com.pl\/wp-content\/uploads\/2023\/09\/KinoDomowe_PATRON_2zw-768x511.jpg 768w, https:\/\/patron.com.pl\/wp-content\/uploads\/2023\/09\/KinoDomowe_PATRON_2zw.jpg 1280w\" sizes=\"(max-width: 1024px) 100vw, 1024px\" \/><\/a>\n\t\t\t<\/div>\n\t\t\t\t<figcaption class='wp-caption-text gallery-caption' id='gallery-1-31'>\n\t\t\t\tPrywatna sala kinowa\n\t\t\t\t<\/figcaption><\/figure><figure class='gallery-item'>\n\t\t\t<div class='gallery-icon landscape'>\n\t\t\t\t<a data-elementor-open-lightbox=\"yes\" data-elementor-lightbox-slideshow=\"2ccb714\" data-e-action-hash=\"#elementor-action%3Aaction%3Dlightbox%26settings%3DeyJpZCI6MjcwLCJ1cmwiOiJodHRwczpcL1wvcGF0cm9uLmNvbS5wbFwvd3AtY29udGVudFwvdXBsb2Fkc1wvMjAyM1wvMTJcL0RTQ18wNDczLXp3LTIuanBnIiwic2xpZGVzaG93IjoiMmNjYjcxNCJ9\" href='https:\/\/patron.com.pl\/wp-content\/uploads\/2023\/12\/DSC_0473-zw-2.jpg'><img decoding=\"async\" width=\"1024\" height=\"681\" src=\"https:\/\/patron.com.pl\/wp-content\/uploads\/2023\/12\/DSC_0473-zw-2-1024x681.jpg\" class=\"attachment-large size-large\" alt=\"\" aria-describedby=\"gallery-1-270\" srcset=\"https:\/\/patron.com.pl\/wp-content\/uploads\/2023\/12\/DSC_0473-zw-2-1024x681.jpg 1024w, https:\/\/patron.com.pl\/wp-content\/uploads\/2023\/12\/DSC_0473-zw-2-300x199.jpg 300w, https:\/\/patron.com.pl\/wp-content\/uploads\/2023\/12\/DSC_0473-zw-2-768x511.jpg 768w, https:\/\/patron.com.pl\/wp-content\/uploads\/2023\/12\/DSC_0473-zw-2.jpg 1280w\" sizes=\"(max-width: 1024px) 100vw, 1024px\" \/><\/a>\n\t\t\t<\/div>\n\t\t\t\t<figcaption class='wp-caption-text gallery-caption' id='gallery-1-270'>\n\t\t\t\tNag\u0142o\u015bnienie i system audiowizualny w piwnicy\n\t\t\t\t<\/figcaption><\/figure><figure class='gallery-item'>\n\t\t\t<div class='gallery-icon landscape'>\n\t\t\t\t<a data-elementor-open-lightbox=\"yes\" data-elementor-lightbox-slideshow=\"2ccb714\" data-e-action-hash=\"#elementor-action%3Aaction%3Dlightbox%26settings%3DeyJpZCI6MzIsInVybCI6Imh0dHBzOlwvXC9wYXRyb24uY29tLnBsXC93cC1jb250ZW50XC91cGxvYWRzXC8yMDIzXC8wOVwvcGF0cm9uXzEzMjgxOTg2MjUtencuanBnIiwic2xpZGVzaG93IjoiMmNjYjcxNCJ9\" href='https:\/\/patron.com.pl\/wp-content\/uploads\/2023\/09\/patron_1328198625-zw.jpg'><img decoding=\"async\" width=\"1024\" height=\"681\" src=\"https:\/\/patron.com.pl\/wp-content\/uploads\/2023\/09\/patron_1328198625-zw-1024x681.jpg\" class=\"attachment-large size-large\" alt=\"\" aria-describedby=\"gallery-1-32\" srcset=\"https:\/\/patron.com.pl\/wp-content\/uploads\/2023\/09\/patron_1328198625-zw-1024x681.jpg 1024w, https:\/\/patron.com.pl\/wp-content\/uploads\/2023\/09\/patron_1328198625-zw-300x199.jpg 300w, https:\/\/patron.com.pl\/wp-content\/uploads\/2023\/09\/patron_1328198625-zw-768x511.jpg 768w, https:\/\/patron.com.pl\/wp-content\/uploads\/2023\/09\/patron_1328198625-zw.jpg 1280w\" sizes=\"(max-width: 1024px) 100vw, 1024px\" \/><\/a>\n\t\t\t<\/div>\n\t\t\t\t<figcaption class='wp-caption-text gallery-caption' id='gallery-1-32'>\n\t\t\t\tPrywatna sala kinowa\n\t\t\t\t<\/figcaption><\/figure><figure class='gallery-item'>\n\t\t\t<div class='gallery-icon landscape'>\n\t\t\t\t<a data-elementor-open-lightbox=\"yes\" data-elementor-lightbox-slideshow=\"2ccb714\" data-e-action-hash=\"#elementor-action%3Aaction%3Dlightbox%26settings%3DeyJpZCI6Mjc4LCJ1cmwiOiJodHRwczpcL1wvcGF0cm9uLmNvbS5wbFwvd3AtY29udGVudFwvdXBsb2Fkc1wvMjAyM1wvMTJcL0lNR18yMDE5MDIyOF8xNjIxNTYtencuanBnIiwic2xpZGVzaG93IjoiMmNjYjcxNCJ9\" href='https:\/\/patron.com.pl\/wp-content\/uploads\/2023\/12\/IMG_20190228_162156-zw.jpg'><img loading=\"lazy\" decoding=\"async\" width=\"1024\" height=\"768\" src=\"https:\/\/patron.com.pl\/wp-content\/uploads\/2023\/12\/IMG_20190228_162156-zw-1024x768.jpg\" class=\"attachment-large size-large\" alt=\"\" aria-describedby=\"gallery-1-278\" srcset=\"https:\/\/patron.com.pl\/wp-content\/uploads\/2023\/12\/IMG_20190228_162156-zw-1024x768.jpg 1024w, https:\/\/patron.com.pl\/wp-content\/uploads\/2023\/12\/IMG_20190228_162156-zw-300x225.jpg 300w, https:\/\/patron.com.pl\/wp-content\/uploads\/2023\/12\/IMG_20190228_162156-zw-768x576.jpg 768w, https:\/\/patron.com.pl\/wp-content\/uploads\/2023\/12\/IMG_20190228_162156-zw.jpg 1280w\" sizes=\"(max-width: 1024px) 100vw, 1024px\" \/><\/a>\n\t\t\t<\/div>\n\t\t\t\t<figcaption class='wp-caption-text gallery-caption' id='gallery-1-278'>\n\t\t\t\tPrywatna sala kinowa\n\t\t\t\t<\/figcaption><\/figure><figure class='gallery-item'>\n\t\t\t<div class='gallery-icon landscape'>\n\t\t\t\t<a data-elementor-open-lightbox=\"yes\" data-elementor-lightbox-slideshow=\"2ccb714\" data-e-action-hash=\"#elementor-action%3Aaction%3Dlightbox%26settings%3DeyJpZCI6Mjc5LCJ1cmwiOiJodHRwczpcL1wvcGF0cm9uLmNvbS5wbFwvd3AtY29udGVudFwvdXBsb2Fkc1wvMjAyM1wvMTJcL0lNR18yMDE5MDIyOF8xNjI3MTktencuanBnIiwic2xpZGVzaG93IjoiMmNjYjcxNCJ9\" href='https:\/\/patron.com.pl\/wp-content\/uploads\/2023\/12\/IMG_20190228_162719-zw.jpg'><img loading=\"lazy\" decoding=\"async\" width=\"1024\" height=\"768\" src=\"https:\/\/patron.com.pl\/wp-content\/uploads\/2023\/12\/IMG_20190228_162719-zw-1024x768.jpg\" class=\"attachment-large size-large\" alt=\"\" aria-describedby=\"gallery-1-279\" srcset=\"https:\/\/patron.com.pl\/wp-content\/uploads\/2023\/12\/IMG_20190228_162719-zw-1024x768.jpg 1024w, https:\/\/patron.com.pl\/wp-content\/uploads\/2023\/12\/IMG_20190228_162719-zw-300x225.jpg 300w, https:\/\/patron.com.pl\/wp-content\/uploads\/2023\/12\/IMG_20190228_162719-zw-768x576.jpg 768w, https:\/\/patron.com.pl\/wp-content\/uploads\/2023\/12\/IMG_20190228_162719-zw.jpg 1280w\" sizes=\"(max-width: 1024px) 100vw, 1024px\" \/><\/a>\n\t\t\t<\/div>\n\t\t\t\t<figcaption class='wp-caption-text gallery-caption' id='gallery-1-279'>\n\t\t\t\tPrywatna sala kinowa\n\t\t\t\t<\/figcaption><\/figure><figure class='gallery-item'>\n\t\t\t<div class='gallery-icon landscape'>\n\t\t\t\t<a data-elementor-open-lightbox=\"yes\" data-elementor-lightbox-slideshow=\"2ccb714\" data-e-action-hash=\"#elementor-action%3Aaction%3Dlightbox%26settings%3DeyJpZCI6MzUyLCJ1cmwiOiJodHRwczpcL1wvcGF0cm9uLmNvbS5wbFwvd3AtY29udGVudFwvdXBsb2Fkc1wvMjAyM1wvMTJcL0lNR18yMDIyMTEwM18xODQ4MDgtencuanBnIiwic2xpZGVzaG93IjoiMmNjYjcxNCJ9\" data-elementor-lightbox-title=\"IMG_20221103_184808 zw\" href='https:\/\/patron.com.pl\/wp-content\/uploads\/2023\/12\/IMG_20221103_184808-zw.jpg'><img loading=\"lazy\" decoding=\"async\" width=\"1024\" height=\"768\" src=\"https:\/\/patron.com.pl\/wp-content\/uploads\/2023\/12\/IMG_20221103_184808-zw-1024x768.jpg\" class=\"attachment-large size-large\" alt=\"\" aria-describedby=\"gallery-1-352\" srcset=\"https:\/\/patron.com.pl\/wp-content\/uploads\/2023\/12\/IMG_20221103_184808-zw-1024x768.jpg 1024w, https:\/\/patron.com.pl\/wp-content\/uploads\/2023\/12\/IMG_20221103_184808-zw-300x225.jpg 300w, https:\/\/patron.com.pl\/wp-content\/uploads\/2023\/12\/IMG_20221103_184808-zw-768x576.jpg 768w, https:\/\/patron.com.pl\/wp-content\/uploads\/2023\/12\/IMG_20221103_184808-zw.jpg 1280w\" sizes=\"(max-width: 1024px) 100vw, 1024px\" \/><\/a>\n\t\t\t<\/div>\n\t\t\t\t<figcaption class='wp-caption-text gallery-caption' id='gallery-1-352'>\n\t\t\t\tKino domowe i Smart Home\n\t\t\t\t<\/figcaption><\/figure>\n\t\t<\/div>\n\t\t<\/div>\n\t\t\t\t\t\t<\/div>\n\t\t\t\t<\/div>\n\t\t\t\t\t<\/div>\n\t\t\t\t<\/div>\n\t\t<div class=\"elementor-element elementor-element-5beaba8 e-flex e-con-boxed e-con e-parent\" data-id=\"5beaba8\" data-element_type=\"container\" data-e-type=\"container\">\n\t\t\t\t\t<div class=\"e-con-inner\">\n\t\t\t\t<div class=\"elementor-element elementor-element-0956b85 elementor-align-center elementor-widget elementor-widget-button\" data-id=\"0956b85\" data-element_type=\"widget\" data-e-type=\"widget\" data-widget_type=\"button.default\">\n\t\t\t\t<div class=\"elementor-widget-container\">\n\t\t\t\t\t\t\t\t\t<div class=\"elementor-button-wrapper\">\n\t\t\t\t\t<a class=\"elementor-button elementor-button-link elementor-size-sm\" href=\"http:\/\/patron.com.pl\/?page_id=241\">\n\t\t\t\t\t\t<span class=\"elementor-button-content-wrapper\">\n\t\t\t\t\t\t\t\t\t<span class=\"elementor-button-text\">Galeria realizacji<\/span>\n\t\t\t\t\t<\/span>\n\t\t\t\t\t<\/a>\n\t\t\t\t<\/div>\n\t\t\t\t\t\t\t\t<\/div>\n\t\t\t\t<\/div>\n\t\t\t\t\t<\/div>\n\t\t\t\t<\/div>\n\t\t<div class=\"elementor-element elementor-element-7243432 e-flex e-con-boxed e-con e-parent\" data-id=\"7243432\" data-element_type=\"container\" data-e-type=\"container\">\n\t\t\t\t\t<div class=\"e-con-inner\">\n\t\t\t\t<div class=\"elementor-element elementor-element-e2893c1 elementor-widget elementor-widget-text-editor\" data-id=\"e2893c1\" data-element_type=\"widget\" data-e-type=\"widget\" data-widget_type=\"text-editor.default\">\n\t\t\t\t<div class=\"elementor-widget-container\">\n\t\t\t\t\t\t\t\t\t<p>Wychodz\u0105c naprzeciw rosn\u0105cym wymaganiom Klient\u00f3w oraz coraz wi\u0119kszymi<br \/>mo\u017cliwo\u015bciami technicznymi urz\u0105dze\u0144 dost\u0119pnych na rynku, nasza firma<br \/>prowadzi kompleksowe us\u0142ugi w zakresie:\u00a0<\/p><p>\u2022 doradztwa w wyborze urz\u0105dze\u0144 i konfiguracji system\u00f3w\u00a0<\/p><p>\u2022 projektowania system\u00f3w AV\u00a0<\/p><p>\u2022 monta\u017cu urz\u0105dze\u0144 oraz ca\u0142ych system\u00f3w\u00a0<\/p><p>\u2022 konfiguracji i kalibracji urz\u0105dze\u0144\u00a0<\/p><p>\u2022 projektowania i wykonawstwa adaptacji akustycznych i wyg\u0142uszania pomieszcze\u0144\u00a0<\/p><p>\u2022 aran\u017cacji pomieszcze\u0144 ods\u0142uchowych i kinowych\u00a0<\/p><p>\u2022 instalacji MULTIROOM w tym, programowania oraz integracji z systemami zewn\u0119trznymi takimi jak EIB, KNX, etc.\u00a0<\/p><p>\u2022 us\u0142ug serwisowych i konserwacyjnych zar\u00f3wno gwarancyjnych, jak i pogwarancyjnych.\u00a0<\/p><p>Z szerokiego wachlarza naszych us\u0142ug na szczeg\u00f3ln\u0105 uwag\u0119 zas\u0142uguj\u0105:\u00a0<\/p><p>\u2022 projektowanie i aran\u017cacja pomieszcze\u0144 ods\u0142uchowych i kinowych\u00a0<\/p><p>adaptacje akustyczne i wyg\u0142uszanie pomieszcze\u0144<\/p><p>\u2022 integracja system\u00f3w multiroom z innymi systemami zainstalowanymi w<br \/>obiekcie, dzi\u0119ki czemu za pomoc\u0105 kontrolera multiroom mo\u017cemy zarz\u0105dza\u0107<br \/>ca\u0142ym inteligentnym domem\u00a0<\/p><p>\u2022 projektowanie i wykonawstwo system\u00f3w sterowania urz\u0105dzeniami i systemami AV, o\u015bwietleniem, roletami, itp.<\/p><p>\u00a0<\/p><p>\u00a0<\/p>\t\t\t\t\t\t\t\t<\/div>\n\t\t\t\t<\/div>\n\t\t\t\t\t<\/div>\n\t\t\t\t<\/div>\n\t\t<div class=\"elementor-element elementor-element-9db7088 e-flex e-con-boxed e-con e-parent\" data-id=\"9db7088\" data-element_type=\"container\" data-e-type=\"container\">\n\t\t\t\t\t<div class=\"e-con-inner\">\n\t\t\t\t<div class=\"elementor-element elementor-element-359187a elementor-align-center elementor-widget elementor-widget-button\" data-id=\"359187a\" data-element_type=\"widget\" data-e-type=\"widget\" data-widget_type=\"button.default\">\n\t\t\t\t<div class=\"elementor-widget-container\">\n\t\t\t\t\t\t\t\t\t<div class=\"elementor-button-wrapper\">\n\t\t\t\t\t<a class=\"elementor-button elementor-button-link elementor-size-sm\" href=\"http:\/\/patron.com.pl\/?page_id=241\">\n\t\t\t\t\t\t<span class=\"elementor-button-content-wrapper\">\n\t\t\t\t\t\t\t\t\t<span class=\"elementor-button-text\">Galeria realizacji<\/span>\n\t\t\t\t\t<\/span>\n\t\t\t\t\t<\/a>\n\t\t\t\t<\/div>\n\t\t\t\t\t\t\t\t<\/div>\n\t\t\t\t<\/div>\n\t\t\t\t\t<\/div>\n\t\t\t\t<\/div>\n\t\t\t\t<\/div>\n\t\t","protected":false},"excerpt":{"rendered":"<p>Nasza oferta obejmuje to przede wszystkim dob\u00f3r kompletnych, w pe\u0142ni funkcjonalnych i dopasowanych do potrzeb i oczekiwa\u0144 klient\u00f3w system\u00f3w, w tym:\u00a0 system\u00f3w stereofonicznych i kina domowego system\u00f3w multiroom (nag\u0142o\u015bnienia wielostrefowego) system\u00f3w multiswitchowych instalacji TV\/SAT system\u00f3w monitoringu (w tym IP, HD) \u00a0 Galeria realizacji Wychodz\u0105c naprzeciw rosn\u0105cym wymaganiom Klient\u00f3w oraz coraz wi\u0119kszymimo\u017cliwo\u015bciami technicznymi urz\u0105dze\u0144 dost\u0119pnych na [&hellip;]<\/p>\n","protected":false},"author":1,"featured_media":0,"parent":0,"menu_order":0,"comment_status":"closed","ping_status":"closed","template":"","meta":{"footnotes":""},"class_list":["post-96","page","type-page","status-publish","hentry"],"yoast_head":"<!-- This site is optimized with the Yoast SEO plugin v21.2 - https:\/\/yoast.com\/wordpress\/plugins\/seo\/ -->\n<title>Klient Indywidualny - PATRON Systemy Audiowizualne Dla Domu i Biznesu<\/title>\n<meta name=\"robots\" content=\"index, follow, max-snippet:-1, max-image-preview:large, max-video-preview:-1\" \/>\n<link rel=\"canonical\" href=\"https:\/\/patron.com.pl\/?page_id=96\" \/>\n<meta property=\"og:locale\" content=\"pl_PL\" \/>\n<meta property=\"og:type\" content=\"article\" \/>\n<meta property=\"og:title\" content=\"Klient Indywidualny - PATRON Systemy Audiowizualne Dla Domu i Biznesu\" \/>\n<meta property=\"og:description\" content=\"Nasza oferta obejmuje to przede wszystkim dob\u00f3r kompletnych, w pe\u0142ni funkcjonalnych i dopasowanych do potrzeb i oczekiwa\u0144 klient\u00f3w system\u00f3w, w tym:\u00a0 system\u00f3w stereofonicznych i kina domowego system\u00f3w multiroom (nag\u0142o\u015bnienia wielostrefowego) system\u00f3w multiswitchowych instalacji TV\/SAT system\u00f3w monitoringu (w tym IP, HD) \u00a0 Galeria realizacji Wychodz\u0105c naprzeciw rosn\u0105cym wymaganiom Klient\u00f3w oraz coraz wi\u0119kszymimo\u017cliwo\u015bciami technicznymi urz\u0105dze\u0144 dost\u0119pnych na [&hellip;]\" \/>\n<meta property=\"og:url\" content=\"https:\/\/patron.com.pl\/?page_id=96\" \/>\n<meta property=\"og:site_name\" content=\"PATRON Systemy Audiowizualne Dla Domu i Biznesu\" \/>\n<meta property=\"article:publisher\" content=\"https:\/\/www.facebook.com\/Patron.audio\" \/>\n<meta property=\"article:modified_time\" content=\"2023-12-07T08:49:36+00:00\" \/>\n<meta property=\"og:image\" content=\"http:\/\/patron.com.pl\/wp-content\/uploads\/2023\/09\/KinoDomowe_PATRON_2zw-1024x682.jpg\" \/>\n<meta name=\"twitter:card\" content=\"summary_large_image\" \/>\n<meta name=\"twitter:label1\" content=\"Szacowany czas czytania\" \/>\n\t<meta name=\"twitter:data1\" content=\"3 minuty\" \/>\n<script type=\"application\/ld+json\" class=\"yoast-schema-graph\">{\"@context\":\"https:\/\/schema.org\",\"@graph\":[{\"@type\":\"WebPage\",\"@id\":\"https:\/\/patron.com.pl\/?page_id=96\",\"url\":\"https:\/\/patron.com.pl\/?page_id=96\",\"name\":\"Klient Indywidualny - PATRON Systemy Audiowizualne Dla Domu i Biznesu\",\"isPartOf\":{\"@id\":\"http:\/\/patron.com.pl\/#website\"},\"datePublished\":\"2023-09-22T13:22:17+00:00\",\"dateModified\":\"2023-12-07T08:49:36+00:00\",\"breadcrumb\":{\"@id\":\"https:\/\/patron.com.pl\/?page_id=96#breadcrumb\"},\"inLanguage\":\"pl-PL\",\"potentialAction\":[{\"@type\":\"ReadAction\",\"target\":[\"https:\/\/patron.com.pl\/?page_id=96\"]}]},{\"@type\":\"BreadcrumbList\",\"@id\":\"https:\/\/patron.com.pl\/?page_id=96#breadcrumb\",\"itemListElement\":[{\"@type\":\"ListItem\",\"position\":1,\"name\":\"Home\",\"item\":\"http:\/\/patron.com.pl\/\"},{\"@type\":\"ListItem\",\"position\":2,\"name\":\"Klient Indywidualny\"}]},{\"@type\":\"WebSite\",\"@id\":\"http:\/\/patron.com.pl\/#website\",\"url\":\"http:\/\/patron.com.pl\/\",\"name\":\"PATRON Systemy Audiowizualne Dla Domu i Biznesu\",\"description\":\"Zaopiekujemy si\u0119 Twoim d\u017awi\u0119kiem!\",\"publisher\":{\"@id\":\"http:\/\/patron.com.pl\/#organization\"},\"alternateName\":\"Zaopiekujemy si\u0119 Twoim d\u017awi\u0119kiem!\",\"potentialAction\":[{\"@type\":\"SearchAction\",\"target\":{\"@type\":\"EntryPoint\",\"urlTemplate\":\"http:\/\/patron.com.pl\/?s={search_term_string}\"},\"query-input\":\"required name=search_term_string\"}],\"inLanguage\":\"pl-PL\"},{\"@type\":\"Organization\",\"@id\":\"http:\/\/patron.com.pl\/#organization\",\"name\":\"PATRON Systemy Audiowizualne Dla Domu i Biznesu\",\"url\":\"http:\/\/patron.com.pl\/\",\"logo\":{\"@type\":\"ImageObject\",\"inLanguage\":\"pl-PL\",\"@id\":\"http:\/\/patron.com.pl\/#\/schema\/logo\/image\/\",\"url\":\"http:\/\/patron.com.pl\/wp-content\/uploads\/2023\/09\/Patron-logo-bez-obwodu5.bmp\",\"contentUrl\":\"http:\/\/patron.com.pl\/wp-content\/uploads\/2023\/09\/Patron-logo-bez-obwodu5.bmp\",\"width\":1684,\"height\":506,\"caption\":\"PATRON Systemy Audiowizualne Dla Domu i Biznesu\"},\"image\":{\"@id\":\"http:\/\/patron.com.pl\/#\/schema\/logo\/image\/\"},\"sameAs\":[\"https:\/\/www.facebook.com\/Patron.audio\",\"https:\/\/www.instagram.com\/patron.systemy.audiowizualne\/\"]}]}<\/script>\n<!-- \/ Yoast SEO plugin. -->","yoast_head_json":{"title":"Klient Indywidualny - PATRON Systemy Audiowizualne Dla Domu i Biznesu","robots":{"index":"index","follow":"follow","max-snippet":"max-snippet:-1","max-image-preview":"max-image-preview:large","max-video-preview":"max-video-preview:-1"},"canonical":"https:\/\/patron.com.pl\/?page_id=96","og_locale":"pl_PL","og_type":"article","og_title":"Klient Indywidualny - PATRON Systemy Audiowizualne Dla Domu i Biznesu","og_description":"Nasza oferta obejmuje to przede wszystkim dob\u00f3r kompletnych, w pe\u0142ni funkcjonalnych i dopasowanych do potrzeb i oczekiwa\u0144 klient\u00f3w system\u00f3w, w tym:\u00a0 system\u00f3w stereofonicznych i kina domowego system\u00f3w multiroom (nag\u0142o\u015bnienia wielostrefowego) system\u00f3w multiswitchowych instalacji TV\/SAT system\u00f3w monitoringu (w tym IP, HD) \u00a0 Galeria realizacji Wychodz\u0105c naprzeciw rosn\u0105cym wymaganiom Klient\u00f3w oraz coraz wi\u0119kszymimo\u017cliwo\u015bciami technicznymi urz\u0105dze\u0144 dost\u0119pnych na [&hellip;]","og_url":"https:\/\/patron.com.pl\/?page_id=96","og_site_name":"PATRON Systemy Audiowizualne Dla Domu i Biznesu","article_publisher":"https:\/\/www.facebook.com\/Patron.audio","article_modified_time":"2023-12-07T08:49:36+00:00","og_image":[{"url":"http:\/\/patron.com.pl\/wp-content\/uploads\/2023\/09\/KinoDomowe_PATRON_2zw-1024x682.jpg"}],"twitter_card":"summary_large_image","twitter_misc":{"Szacowany czas czytania":"3 minuty"},"schema":{"@context":"https:\/\/schema.org","@graph":[{"@type":"WebPage","@id":"https:\/\/patron.com.pl\/?page_id=96","url":"https:\/\/patron.com.pl\/?page_id=96","name":"Klient Indywidualny - PATRON Systemy Audiowizualne Dla Domu i Biznesu","isPartOf":{"@id":"http:\/\/patron.com.pl\/#website"},"datePublished":"2023-09-22T13:22:17+00:00","dateModified":"2023-12-07T08:49:36+00:00","breadcrumb":{"@id":"https:\/\/patron.com.pl\/?page_id=96#breadcrumb"},"inLanguage":"pl-PL","potentialAction":[{"@type":"ReadAction","target":["https:\/\/patron.com.pl\/?page_id=96"]}]},{"@type":"BreadcrumbList","@id":"https:\/\/patron.com.pl\/?page_id=96#breadcrumb","itemListElement":[{"@type":"ListItem","position":1,"name":"Home","item":"http:\/\/patron.com.pl\/"},{"@type":"ListItem","position":2,"name":"Klient Indywidualny"}]},{"@type":"WebSite","@id":"http:\/\/patron.com.pl\/#website","url":"http:\/\/patron.com.pl\/","name":"PATRON Systemy Audiowizualne Dla Domu i Biznesu","description":"Zaopiekujemy si\u0119 Twoim d\u017awi\u0119kiem!","publisher":{"@id":"http:\/\/patron.com.pl\/#organization"},"alternateName":"Zaopiekujemy si\u0119 Twoim d\u017awi\u0119kiem!","potentialAction":[{"@type":"SearchAction","target":{"@type":"EntryPoint","urlTemplate":"http:\/\/patron.com.pl\/?s={search_term_string}"},"query-input":"required name=search_term_string"}],"inLanguage":"pl-PL"},{"@type":"Organization","@id":"http:\/\/patron.com.pl\/#organization","name":"PATRON Systemy Audiowizualne Dla Domu i Biznesu","url":"http:\/\/patron.com.pl\/","logo":{"@type":"ImageObject","inLanguage":"pl-PL","@id":"http:\/\/patron.com.pl\/#\/schema\/logo\/image\/","url":"http:\/\/patron.com.pl\/wp-content\/uploads\/2023\/09\/Patron-logo-bez-obwodu5.bmp","contentUrl":"http:\/\/patron.com.pl\/wp-content\/uploads\/2023\/09\/Patron-logo-bez-obwodu5.bmp","width":1684,"height":506,"caption":"PATRON Systemy Audiowizualne Dla Domu i Biznesu"},"image":{"@id":"http:\/\/patron.com.pl\/#\/schema\/logo\/image\/"},"sameAs":["https:\/\/www.facebook.com\/Patron.audio","https:\/\/www.instagram.com\/patron.systemy.audiowizualne\/"]}]}},"_links":{"self":[{"href":"http:\/\/patron.com.pl\/index.php?rest_route=\/wp\/v2\/pages\/96","targetHints":{"allow":["GET"]}}],"collection":[{"href":"http:\/\/patron.com.pl\/index.php?rest_route=\/wp\/v2\/pages"}],"about":[{"href":"http:\/\/patron.com.pl\/index.php?rest_route=\/wp\/v2\/types\/page"}],"author":[{"embeddable":true,"href":"http:\/\/patron.com.pl\/index.php?rest_route=\/wp\/v2\/users\/1"}],"replies":[{"embeddable":true,"href":"http:\/\/patron.com.pl\/index.php?rest_route=%2Fwp%2Fv2%2Fcomments&post=96"}],"version-history":[{"count":34,"href":"http:\/\/patron.com.pl\/index.php?rest_route=\/wp\/v2\/pages\/96\/revisions"}],"predecessor-version":[{"id":403,"href":"http:\/\/patron.com.pl\/index.php?rest_route=\/wp\/v2\/pages\/96\/revisions\/403"}],"wp:attachment":[{"href":"http:\/\/patron.com.pl\/index.php?rest_route=%2Fwp%2Fv2%2Fmedia&parent=96"}],"curies":[{"name":"wp","href":"https:\/\/api.w.org\/{rel}","templated":true}]}}